{"id":24,"date":"2023-10-30T07:57:11","date_gmt":"2023-10-30T07:57:11","guid":{"rendered":"https:\/\/web4.rkinformatika.net\/lurkoibaserria\/?page_id=24"},"modified":"2023-12-01T08:57:47","modified_gmt":"2023-12-01T08:57:47","slug":"sobre-nosostros","status":"publish","type":"page","link":"https:\/\/lurkoibaserria.com\/eu\/sobre-nosostros\/","title":{"rendered":"Guri Buruz"},"content":{"rendered":"<div data-elementor-type=\"wp-page\" data-elementor-id=\"24\" class=\"elementor elementor-24\" data-elementor-post-type=\"page\">\n\t\t\t\t\t\t<section class=\"elementor-section elementor-top-section elementor-element elementor-element-38a9bdb4 elementor-section-boxed elementor-section-height-default elementor-section-height-default\" data-id=\"38a9bdb4\" data-element_type=\"section\" data-e-type=\"section\" data-settings=\"{&quot;background_background&quot;:&quot;classic&quot;,&quot;mdp_selection_sticky_effect_enable&quot;:false}\">\n\t\t\t\t\t\t<div class=\"elementor-container elementor-column-gap-default\">\n\t\t\t\t\t<div class=\"elementor-column elementor-col-100 elementor-top-column elementor-element elementor-element-b91a7dc\" data-id=\"b91a7dc\" data-element_type=\"column\" data-e-type=\"column\" data-settings=\"{&quot;mdp_selection_sticky_column_effect_enable&quot;:false}\">\n\t\t\t<div class=\"elementor-widget-wrap\">\n\t\t\t\t\t\t\t<\/div>\n\t\t<\/div>\n\t\t\t\t\t<\/div>\n\t\t<\/section>\n\t\t\t\t<section class=\"elementor-section elementor-top-section elementor-element elementor-element-51310102 elementor-section-boxed elementor-section-height-default elementor-section-height-default\" data-id=\"51310102\" data-element_type=\"section\" data-e-type=\"section\" data-settings=\"{&quot;background_background&quot;:&quot;classic&quot;,&quot;mdp_selection_sticky_effect_enable&quot;:false}\">\n\t\t\t\t\t\t<div class=\"elementor-container elementor-column-gap-default\">\n\t\t\t\t\t<div class=\"elementor-column elementor-col-100 elementor-top-column elementor-element elementor-element-7c404e1\" data-id=\"7c404e1\" data-element_type=\"column\" data-e-type=\"column\" data-settings=\"{&quot;background_background&quot;:&quot;classic&quot;,&quot;mdp_selection_sticky_column_effect_enable&quot;:false}\">\n\t\t\t<div class=\"elementor-widget-wrap elementor-element-populated\">\n\t\t\t\t\t<div class=\"elementor-background-overlay\"><\/div>\n\t\t\t\t\t\t<div class=\"elementor-element elementor-element-6f80e745 elementor-widget elementor-widget-heading\" data-id=\"6f80e745\" data-element_type=\"widget\" data-e-type=\"widget\" data-widget_type=\"heading.default\">\n\t\t\t\t<div class=\"elementor-widget-container\">\n\t\t\t\t\t<h3 class=\"elementor-heading-title elementor-size-default\">Historia<\/h3>\t\t\t\t<\/div>\n\t\t\t\t<\/div>\n\t\t\t\t<div class=\"elementor-element elementor-element-179bd33 elementor-widget elementor-widget-text-editor\" data-id=\"179bd33\" data-element_type=\"widget\" data-e-type=\"widget\" data-widget_type=\"text-editor.default\">\n\t\t\t\t<div class=\"elementor-widget-container\">\n\t\t\t\t\t\t\t\t\t<p class=\"has-text-align-left\">Una br\u00fajula interior nos hizo pasear, caminar por todo el Pais vasco, a la b\u00fasqueda de un emplazamiento m\u00e1gico, hoy llamado Lurkoi.<\/p>\n<p>Hace a\u00f1os que nuestro amor por la naturaleza nos hizo buscar, emprender la aventura en un lugar donde desarrollar nuestro proyecto de vida. Despu\u00e9s de muchos esfuerzos, dudas, contradicciones \u2026. ese lugar \u00a1oh maravilla! tiene un nombre, Lurkoi (afecto a la tierra), cuyo pronunciamiento es el prologo para quien lo visita y para sus habitantes, de un viaje al desarrollo y a las potencialidades positivas del ser humano.<\/p>\n<p>Lurkoi est\u00e1 enclavado en el incomparable marco de la<strong>\u00a0reserva de la biosfera de Urdaibai<\/strong>, en las faldas del monte Sollube asomados al cant\u00e1brico donde la vista se pierde en el infinito, teniendo a su izquierda el monte Burgoa y a su derecha el acantilado de Ogo\u00f1o como extremos de una hermosa panor\u00e1mica. Rodeados de naturaleza viva, acompa\u00f1ados de fauna salvaje: jabal\u00edes, zorros, ardillas, corzos, tejones \u2026<\/p>\n<p class=\"has-text-align-left\">Lurkoi Baserria,\u00a0<strong>agricultura ecol\u00f3gica en Bizkaia<\/strong>\u00a0con amor y \u00e9tica.<\/p>\n<p>Lurkoi tienen sus propias melod\u00edas. Nuestros queridos amigos m\u00fasicos y compositores\u00a0<strong>Kepa Junkera<\/strong>\u00a0y\u00a0<strong>Juan Karlos Irizar<\/strong>\u00a0nos han dedicado diferentes composiciones.<\/p>\n<p>Nuestro querido amigo<strong>\u00a0Nestor Basterretxea\u00a0<\/strong>nos ha donado una escultura llamada\u00a0<strong>Lurdeia<\/strong><\/p>\t\t\t\t\t\t\t\t<\/div>\n\t\t\t\t<\/div>\n\t\t\t\t\t<\/div>\n\t\t<\/div>\n\t\t\t\t\t<\/div>\n\t\t<\/section>\n\t\t\t\t<section class=\"elementor-section elementor-top-section elementor-element elementor-element-fe46e01 elementor-section-boxed elementor-section-height-default elementor-section-height-default\" data-id=\"fe46e01\" data-element_type=\"section\" data-e-type=\"section\" data-settings=\"{&quot;background_background&quot;:&quot;classic&quot;,&quot;mdp_selection_sticky_effect_enable&quot;:false}\">\n\t\t\t\t\t\t<div class=\"elementor-container elementor-column-gap-default\">\n\t\t\t\t\t<div class=\"elementor-column elementor-col-100 elementor-top-column elementor-element elementor-element-d0cf643\" data-id=\"d0cf643\" data-element_type=\"column\" data-e-type=\"column\" data-settings=\"{&quot;background_background&quot;:&quot;classic&quot;,&quot;mdp_selection_sticky_column_effect_enable&quot;:false}\">\n\t\t\t<div class=\"elementor-widget-wrap elementor-element-populated\">\n\t\t\t\t\t\t<div class=\"elementor-element elementor-element-6ca1d49 elementor-widget elementor-widget-image\" data-id=\"6ca1d49\" data-element_type=\"widget\" data-e-type=\"widget\" data-widget_type=\"image.default\">\n\t\t\t\t<div class=\"elementor-widget-container\">\n\t\t\t\t\t\t\t\t\t\t\t\t\t\t\t<img fetchpriority=\"high\" decoding=\"async\" width=\"1600\" height=\"1066\" src=\"https:\/\/lurkoibaserria.com\/wp-content\/uploads\/2023\/11\/aedd1f59-9297-4cb3-b397-71f257b39a4d.jpeg\" class=\"attachment-full size-full wp-image-1050\" alt=\"\" srcset=\"https:\/\/lurkoibaserria.com\/wp-content\/uploads\/2023\/11\/aedd1f59-9297-4cb3-b397-71f257b39a4d.jpeg 1600w, https:\/\/lurkoibaserria.com\/wp-content\/uploads\/2023\/11\/aedd1f59-9297-4cb3-b397-71f257b39a4d-300x200.jpeg 300w, https:\/\/lurkoibaserria.com\/wp-content\/uploads\/2023\/11\/aedd1f59-9297-4cb3-b397-71f257b39a4d-1024x682.jpeg 1024w, https:\/\/lurkoibaserria.com\/wp-content\/uploads\/2023\/11\/aedd1f59-9297-4cb3-b397-71f257b39a4d-768x512.jpeg 768w, https:\/\/lurkoibaserria.com\/wp-content\/uploads\/2023\/11\/aedd1f59-9297-4cb3-b397-71f257b39a4d-1536x1023.jpeg 1536w, https:\/\/lurkoibaserria.com\/wp-content\/uploads\/2023\/11\/aedd1f59-9297-4cb3-b397-71f257b39a4d-18x12.jpeg 18w\" sizes=\"(max-width: 1600px) 100vw, 1600px\" \/>\t\t\t\t\t\t\t\t\t\t\t\t\t\t\t<\/div>\n\t\t\t\t<\/div>\n\t\t\t\t\t<\/div>\n\t\t<\/div>\n\t\t\t\t\t<\/div>\n\t\t<\/section>\n\t\t<div class=\"elementor-element elementor-element-a500f63 e-flex e-con-boxed e-con e-parent\" data-id=\"a500f63\" data-element_type=\"container\" data-e-type=\"container\">\n\t\t\t\t\t<div class=\"e-con-inner\">\n\t\t\t\t<div class=\"elementor-element elementor-element-b6a0eee elementor-widget elementor-widget-heading\" data-id=\"b6a0eee\" data-element_type=\"widget\" data-e-type=\"widget\" data-widget_type=\"heading.default\">\n\t\t\t\t<div class=\"elementor-widget-container\">\n\t\t\t\t\t<h2 class=\"elementor-heading-title elementor-size-default\">Folleto de Lurkoi<\/h2>\t\t\t\t<\/div>\n\t\t\t\t<\/div>\n\t\t\t\t<div class=\"elementor-element elementor-element-773ef5a elementor-widget elementor-widget-image\" data-id=\"773ef5a\" data-element_type=\"widget\" data-e-type=\"widget\" data-widget_type=\"image.default\">\n\t\t\t\t<div class=\"elementor-widget-container\">\n\t\t\t\t\t\t\t\t\t\t\t\t\t\t\t<img decoding=\"async\" width=\"768\" height=\"532\" src=\"https:\/\/lurkoibaserria.com\/wp-content\/uploads\/2023\/10\/Captura-desde-2023-10-31-10-21-52-768x532.png\" class=\"attachment-medium_large size-medium_large wp-image-570\" alt=\"\" srcset=\"https:\/\/lurkoibaserria.com\/wp-content\/uploads\/2023\/10\/Captura-desde-2023-10-31-10-21-52-768x532.png 768w, https:\/\/lurkoibaserria.com\/wp-content\/uploads\/2023\/10\/Captura-desde-2023-10-31-10-21-52-300x208.png 300w, https:\/\/lurkoibaserria.com\/wp-content\/uploads\/2023\/10\/Captura-desde-2023-10-31-10-21-52-18x12.png 18w, https:\/\/lurkoibaserria.com\/wp-content\/uploads\/2023\/10\/Captura-desde-2023-10-31-10-21-52.png 785w\" sizes=\"(max-width: 768px) 100vw, 768px\" \/>\t\t\t\t\t\t\t\t\t\t\t\t\t\t\t<\/div>\n\t\t\t\t<\/div>\n\t\t\t\t<div class=\"elementor-element elementor-element-a507c24 elementor-widget elementor-widget-button\" data-id=\"a507c24\" data-element_type=\"widget\" data-e-type=\"widget\" data-widget_type=\"button.default\">\n\t\t\t\t<div class=\"elementor-widget-container\">\n\t\t\t\t\t\t\t\t\t<div class=\"elementor-button-wrapper\">\n\t\t\t\t\t<a class=\"elementor-button elementor-button-link elementor-size-sm\" href=\"https:\/\/lurkoibaserria.com\/wp-content\/uploads\/2023\/10\/LurkoiFolleto.pdf\" target=\"_blank\">\n\t\t\t\t\t\t<span class=\"elementor-button-content-wrapper\">\n\t\t\t\t\t\t\t\t\t<span class=\"elementor-button-text\">Haz clic aqu\u00ed<\/span>\n\t\t\t\t\t<\/span>\n\t\t\t\t\t<\/a>\n\t\t\t\t<\/div>\n\t\t\t\t\t\t\t\t<\/div>\n\t\t\t\t<\/div>\n\t\t\t\t\t<\/div>\n\t\t\t\t<\/div>\n\t\t<div class=\"elementor-element elementor-element-fc2e30f e-flex e-con-boxed e-con e-parent\" data-id=\"fc2e30f\" data-element_type=\"container\" data-e-type=\"container\">\n\t\t\t\t\t<div class=\"e-con-inner\">\n\t\t<div class=\"elementor-element elementor-element-12e1d39 e-con-full e-flex e-con e-child\" data-id=\"12e1d39\" data-element_type=\"container\" data-e-type=\"container\">\n\t\t\t\t<div class=\"elementor-element elementor-element-8c4b0c8 elementor-widget elementor-widget-image\" data-id=\"8c4b0c8\" data-element_type=\"widget\" data-e-type=\"widget\" data-widget_type=\"image.default\">\n\t\t\t\t<div class=\"elementor-widget-container\">\n\t\t\t\t\t\t\t\t\t\t\t\t\t\t\t<img decoding=\"async\" width=\"800\" height=\"533\" src=\"https:\/\/lurkoibaserria.com\/wp-content\/uploads\/2023\/10\/12-08-2004-047-1024x682-1.jpg\" class=\"attachment-large size-large wp-image-210\" alt=\"\" srcset=\"https:\/\/lurkoibaserria.com\/wp-content\/uploads\/2023\/10\/12-08-2004-047-1024x682-1.jpg 1024w, https:\/\/lurkoibaserria.com\/wp-content\/uploads\/2023\/10\/12-08-2004-047-1024x682-1-300x200.jpg 300w, https:\/\/lurkoibaserria.com\/wp-content\/uploads\/2023\/10\/12-08-2004-047-1024x682-1-768x512.jpg 768w, https:\/\/lurkoibaserria.com\/wp-content\/uploads\/2023\/10\/12-08-2004-047-1024x682-1-18x12.jpg 18w\" sizes=\"(max-width: 800px) 100vw, 800px\" \/>\t\t\t\t\t\t\t\t\t\t\t\t\t\t\t<\/div>\n\t\t\t\t<\/div>\n\t\t\t\t<div class=\"elementor-element elementor-element-6dee100 elementor-widget elementor-widget-text-editor\" data-id=\"6dee100\" data-element_type=\"widget\" data-e-type=\"widget\" data-widget_type=\"text-editor.default\">\n\t\t\t\t<div class=\"elementor-widget-container\">\n\t\t\t\t\t\t\t\t\t<p>Josu descansando despu\u00e9s de una dura jornada<\/p>\t\t\t\t\t\t\t\t<\/div>\n\t\t\t\t<\/div>\n\t\t\t\t<\/div>\n\t\t<div class=\"elementor-element elementor-element-2a4d0c2 e-con-full e-flex e-con e-child\" data-id=\"2a4d0c2\" data-element_type=\"container\" data-e-type=\"container\">\n\t\t\t\t<div class=\"elementor-element elementor-element-c2e2a70 elementor-widget elementor-widget-image\" data-id=\"c2e2a70\" data-element_type=\"widget\" data-e-type=\"widget\" data-widget_type=\"image.default\">\n\t\t\t\t<div class=\"elementor-widget-container\">\n\t\t\t\t\t\t\t\t\t\t\t\t\t\t\t<img loading=\"lazy\" decoding=\"async\" width=\"800\" height=\"600\" src=\"https:\/\/lurkoibaserria.com\/wp-content\/uploads\/2023\/10\/FIL315-1024x768-1-1.jpg\" class=\"attachment-large size-large wp-image-211\" alt=\"\" srcset=\"https:\/\/lurkoibaserria.com\/wp-content\/uploads\/2023\/10\/FIL315-1024x768-1-1.jpg 1024w, https:\/\/lurkoibaserria.com\/wp-content\/uploads\/2023\/10\/FIL315-1024x768-1-1-300x225.jpg 300w, https:\/\/lurkoibaserria.com\/wp-content\/uploads\/2023\/10\/FIL315-1024x768-1-1-768x576.jpg 768w, https:\/\/lurkoibaserria.com\/wp-content\/uploads\/2023\/10\/FIL315-1024x768-1-1-16x12.jpg 16w\" sizes=\"(max-width: 800px) 100vw, 800px\" \/>\t\t\t\t\t\t\t\t\t\t\t\t\t\t\t<\/div>\n\t\t\t\t<\/div>\n\t\t\t\t<div class=\"elementor-element elementor-element-8bdd26c elementor-widget elementor-widget-text-editor\" data-id=\"8bdd26c\" data-element_type=\"widget\" data-e-type=\"widget\" data-widget_type=\"text-editor.default\">\n\t\t\t\t<div class=\"elementor-widget-container\">\n\t\t\t\t\t\t\t\t\t<p>El lago donde la lluvia se queda con nosotros, siendo espejo de agua que duplica el paisaje y el cielo, rodeado con una diversidad de plantas, \u00e1rboles, etc\u2026<\/p>\t\t\t\t\t\t\t\t<\/div>\n\t\t\t\t<\/div>\n\t\t\t\t<\/div>\n\t\t\t\t\t<\/div>\n\t\t\t\t<\/div>\n\t\t\t\t<\/div>","protected":false},"excerpt":{"rendered":"<p>Historia Una br\u00fajula interior nos hizo pasear, caminar por todo el Pais vasco, a la b\u00fasqueda de un emplazamiento m\u00e1gico, hoy llamado Lurkoi. Hace a\u00f1os que nuestro amor por la naturaleza nos hizo buscar, emprender la aventura en un lugar donde desarrollar nuestro proyecto de vida. Despu\u00e9s de muchos esfuerzos, dudas, contradicciones \u2026. ese lugar [&hellip;]<\/p>\n","protected":false},"author":1,"featured_media":0,"parent":0,"menu_order":0,"comment_status":"closed","ping_status":"closed","template":"elementor_canvas","meta":{"footnotes":""},"class_list":["post-24","page","type-page","status-publish","hentry"],"yoast_head":"<!-- This site is optimized with the Yoast SEO plugin v27.3 - https:\/\/yoast.com\/product\/yoast-seo-wordpress\/ -->\n<title>Sobre Nosostros - Lurkoi Baserria<\/title>\n<meta name=\"robots\" content=\"index, follow, max-snippet:-1, max-image-preview:large, max-video-preview:-1\" \/>\n<link rel=\"canonical\" href=\"https:\/\/lurkoibaserria.com\/eu\/sobre-nosostros\/\" \/>\n<meta property=\"og:locale\" content=\"en_US\" \/>\n<meta property=\"og:type\" content=\"article\" \/>\n<meta property=\"og:title\" content=\"Sobre Nosostros - Lurkoi Baserria\" \/>\n<meta property=\"og:description\" content=\"Historia Una br\u00fajula interior nos hizo pasear, caminar por todo el Pais vasco, a la b\u00fasqueda de un emplazamiento m\u00e1gico, hoy llamado Lurkoi. Hace a\u00f1os que nuestro amor por la naturaleza nos hizo buscar, emprender la aventura en un lugar donde desarrollar nuestro proyecto de vida. Despu\u00e9s de muchos esfuerzos, dudas, contradicciones \u2026. ese lugar [&hellip;]\" \/>\n<meta property=\"og:url\" content=\"https:\/\/lurkoibaserria.com\/eu\/sobre-nosostros\/\" \/>\n<meta property=\"og:site_name\" content=\"Lurkoi Baserria\" \/>\n<meta property=\"article:modified_time\" content=\"2023-12-01T08:57:47+00:00\" \/>\n<meta property=\"og:image\" content=\"https:\/\/lurkoibaserria.com\/wp-content\/uploads\/2023\/11\/aedd1f59-9297-4cb3-b397-71f257b39a4d.jpeg\" \/>\n<meta name=\"twitter:card\" content=\"summary_large_image\" \/>\n<meta name=\"twitter:label1\" content=\"Est. reading time\" \/>\n\t<meta name=\"twitter:data1\" content=\"2 minutua\" \/>\n<script type=\"application\/ld+json\" class=\"yoast-schema-graph\">{\"@context\":\"https:\\\/\\\/schema.org\",\"@graph\":[{\"@type\":\"WebPage\",\"@id\":\"https:\\\/\\\/lurkoibaserria.com\\\/sobre-nosostros\\\/\",\"url\":\"https:\\\/\\\/lurkoibaserria.com\\\/sobre-nosostros\\\/\",\"name\":\"Sobre Nosostros - Lurkoi Baserria\",\"isPartOf\":{\"@id\":\"https:\\\/\\\/lurkoibaserria.com\\\/#website\"},\"primaryImageOfPage\":{\"@id\":\"https:\\\/\\\/lurkoibaserria.com\\\/sobre-nosostros\\\/#primaryimage\"},\"image\":{\"@id\":\"https:\\\/\\\/lurkoibaserria.com\\\/sobre-nosostros\\\/#primaryimage\"},\"thumbnailUrl\":\"https:\\\/\\\/lurkoibaserria.com\\\/wp-content\\\/uploads\\\/2023\\\/11\\\/aedd1f59-9297-4cb3-b397-71f257b39a4d.jpeg\",\"datePublished\":\"2023-10-30T07:57:11+00:00\",\"dateModified\":\"2023-12-01T08:57:47+00:00\",\"breadcrumb\":{\"@id\":\"https:\\\/\\\/lurkoibaserria.com\\\/sobre-nosostros\\\/#breadcrumb\"},\"inLanguage\":\"eu\",\"potentialAction\":[{\"@type\":\"ReadAction\",\"target\":[\"https:\\\/\\\/lurkoibaserria.com\\\/sobre-nosostros\\\/\"]}]},{\"@type\":\"ImageObject\",\"inLanguage\":\"eu\",\"@id\":\"https:\\\/\\\/lurkoibaserria.com\\\/sobre-nosostros\\\/#primaryimage\",\"url\":\"https:\\\/\\\/lurkoibaserria.com\\\/wp-content\\\/uploads\\\/2023\\\/11\\\/aedd1f59-9297-4cb3-b397-71f257b39a4d.jpeg\",\"contentUrl\":\"https:\\\/\\\/lurkoibaserria.com\\\/wp-content\\\/uploads\\\/2023\\\/11\\\/aedd1f59-9297-4cb3-b397-71f257b39a4d.jpeg\"},{\"@type\":\"BreadcrumbList\",\"@id\":\"https:\\\/\\\/lurkoibaserria.com\\\/sobre-nosostros\\\/#breadcrumb\",\"itemListElement\":[{\"@type\":\"ListItem\",\"position\":1,\"name\":\"Portada\",\"item\":\"https:\\\/\\\/lurkoibaserria.com\\\/\"},{\"@type\":\"ListItem\",\"position\":2,\"name\":\"Sobre Nosostros\"}]},{\"@type\":\"WebSite\",\"@id\":\"https:\\\/\\\/lurkoibaserria.com\\\/#website\",\"url\":\"https:\\\/\\\/lurkoibaserria.com\\\/\",\"name\":\"Lurkoi Baserria\",\"description\":\"Agricultura Ecol\u00f3gica Bizkaia\",\"publisher\":{\"@id\":\"https:\\\/\\\/lurkoibaserria.com\\\/#organization\"},\"potentialAction\":[{\"@type\":\"SearchAction\",\"target\":{\"@type\":\"EntryPoint\",\"urlTemplate\":\"https:\\\/\\\/lurkoibaserria.com\\\/?s={search_term_string}\"},\"query-input\":{\"@type\":\"PropertyValueSpecification\",\"valueRequired\":true,\"valueName\":\"search_term_string\"}}],\"inLanguage\":\"eu\"},{\"@type\":\"Organization\",\"@id\":\"https:\\\/\\\/lurkoibaserria.com\\\/#organization\",\"name\":\"Lurkoi Baserria\",\"url\":\"https:\\\/\\\/lurkoibaserria.com\\\/\",\"logo\":{\"@type\":\"ImageObject\",\"inLanguage\":\"eu\",\"@id\":\"https:\\\/\\\/lurkoibaserria.com\\\/#\\\/schema\\\/logo\\\/image\\\/\",\"url\":\"https:\\\/\\\/lurkoibaserria.com\\\/wp-content\\\/uploads\\\/2023\\\/10\\\/cropped-lurkoibaserria-05.png\",\"contentUrl\":\"https:\\\/\\\/lurkoibaserria.com\\\/wp-content\\\/uploads\\\/2023\\\/10\\\/cropped-lurkoibaserria-05.png\",\"width\":1178,\"height\":706,\"caption\":\"Lurkoi Baserria\"},\"image\":{\"@id\":\"https:\\\/\\\/lurkoibaserria.com\\\/#\\\/schema\\\/logo\\\/image\\\/\"}}]}<\/script>\n<!-- \/ Yoast SEO plugin. -->","yoast_head_json":{"title":"Sobre Nosostros - Lurkoi Baserria","robots":{"index":"index","follow":"follow","max-snippet":"max-snippet:-1","max-image-preview":"max-image-preview:large","max-video-preview":"max-video-preview:-1"},"canonical":"https:\/\/lurkoibaserria.com\/eu\/sobre-nosostros\/","og_locale":"en_US","og_type":"article","og_title":"Sobre Nosostros - Lurkoi Baserria","og_description":"Historia Una br\u00fajula interior nos hizo pasear, caminar por todo el Pais vasco, a la b\u00fasqueda de un emplazamiento m\u00e1gico, hoy llamado Lurkoi. Hace a\u00f1os que nuestro amor por la naturaleza nos hizo buscar, emprender la aventura en un lugar donde desarrollar nuestro proyecto de vida. Despu\u00e9s de muchos esfuerzos, dudas, contradicciones \u2026. ese lugar [&hellip;]","og_url":"https:\/\/lurkoibaserria.com\/eu\/sobre-nosostros\/","og_site_name":"Lurkoi Baserria","article_modified_time":"2023-12-01T08:57:47+00:00","og_image":[{"url":"https:\/\/lurkoibaserria.com\/wp-content\/uploads\/2023\/11\/aedd1f59-9297-4cb3-b397-71f257b39a4d.jpeg","type":"","width":"","height":""}],"twitter_card":"summary_large_image","twitter_misc":{"Est. reading time":"2 minutua"},"schema":{"@context":"https:\/\/schema.org","@graph":[{"@type":"WebPage","@id":"https:\/\/lurkoibaserria.com\/sobre-nosostros\/","url":"https:\/\/lurkoibaserria.com\/sobre-nosostros\/","name":"Sobre Nosostros - Lurkoi Baserria","isPartOf":{"@id":"https:\/\/lurkoibaserria.com\/#website"},"primaryImageOfPage":{"@id":"https:\/\/lurkoibaserria.com\/sobre-nosostros\/#primaryimage"},"image":{"@id":"https:\/\/lurkoibaserria.com\/sobre-nosostros\/#primaryimage"},"thumbnailUrl":"https:\/\/lurkoibaserria.com\/wp-content\/uploads\/2023\/11\/aedd1f59-9297-4cb3-b397-71f257b39a4d.jpeg","datePublished":"2023-10-30T07:57:11+00:00","dateModified":"2023-12-01T08:57:47+00:00","breadcrumb":{"@id":"https:\/\/lurkoibaserria.com\/sobre-nosostros\/#breadcrumb"},"inLanguage":"eu","potentialAction":[{"@type":"ReadAction","target":["https:\/\/lurkoibaserria.com\/sobre-nosostros\/"]}]},{"@type":"ImageObject","inLanguage":"eu","@id":"https:\/\/lurkoibaserria.com\/sobre-nosostros\/#primaryimage","url":"https:\/\/lurkoibaserria.com\/wp-content\/uploads\/2023\/11\/aedd1f59-9297-4cb3-b397-71f257b39a4d.jpeg","contentUrl":"https:\/\/lurkoibaserria.com\/wp-content\/uploads\/2023\/11\/aedd1f59-9297-4cb3-b397-71f257b39a4d.jpeg"},{"@type":"BreadcrumbList","@id":"https:\/\/lurkoibaserria.com\/sobre-nosostros\/#breadcrumb","itemListElement":[{"@type":"ListItem","position":1,"name":"Portada","item":"https:\/\/lurkoibaserria.com\/"},{"@type":"ListItem","position":2,"name":"Sobre Nosostros"}]},{"@type":"WebSite","@id":"https:\/\/lurkoibaserria.com\/#website","url":"https:\/\/lurkoibaserria.com\/","name":"Lurkoi Baserria","description":"Agricultura Ecol\u00f3gica Bizkaia","publisher":{"@id":"https:\/\/lurkoibaserria.com\/#organization"},"potentialAction":[{"@type":"SearchAction","target":{"@type":"EntryPoint","urlTemplate":"https:\/\/lurkoibaserria.com\/?s={search_term_string}"},"query-input":{"@type":"PropertyValueSpecification","valueRequired":true,"valueName":"search_term_string"}}],"inLanguage":"eu"},{"@type":"Organization","@id":"https:\/\/lurkoibaserria.com\/#organization","name":"Lurkoi Baserria","url":"https:\/\/lurkoibaserria.com\/","logo":{"@type":"ImageObject","inLanguage":"eu","@id":"https:\/\/lurkoibaserria.com\/#\/schema\/logo\/image\/","url":"https:\/\/lurkoibaserria.com\/wp-content\/uploads\/2023\/10\/cropped-lurkoibaserria-05.png","contentUrl":"https:\/\/lurkoibaserria.com\/wp-content\/uploads\/2023\/10\/cropped-lurkoibaserria-05.png","width":1178,"height":706,"caption":"Lurkoi Baserria"},"image":{"@id":"https:\/\/lurkoibaserria.com\/#\/schema\/logo\/image\/"}}]}},"jetpack_sharing_enabled":true,"_links":{"self":[{"href":"https:\/\/lurkoibaserria.com\/eu\/wp-json\/wp\/v2\/pages\/24","targetHints":{"allow":["GET"]}}],"collection":[{"href":"https:\/\/lurkoibaserria.com\/eu\/wp-json\/wp\/v2\/pages"}],"about":[{"href":"https:\/\/lurkoibaserria.com\/eu\/wp-json\/wp\/v2\/types\/page"}],"author":[{"embeddable":true,"href":"https:\/\/lurkoibaserria.com\/eu\/wp-json\/wp\/v2\/users\/1"}],"replies":[{"embeddable":true,"href":"https:\/\/lurkoibaserria.com\/eu\/wp-json\/wp\/v2\/comments?post=24"}],"version-history":[{"count":85,"href":"https:\/\/lurkoibaserria.com\/eu\/wp-json\/wp\/v2\/pages\/24\/revisions"}],"predecessor-version":[{"id":1252,"href":"https:\/\/lurkoibaserria.com\/eu\/wp-json\/wp\/v2\/pages\/24\/revisions\/1252"}],"wp:attachment":[{"href":"https:\/\/lurkoibaserria.com\/eu\/wp-json\/wp\/v2\/media?parent=24"}],"curies":[{"name":"wp","href":"https:\/\/api.w.org\/{rel}","templated":true}]}}